{"id":34751,"date":"2025-07-28T00:11:15","date_gmt":"2025-07-27T21:11:15","guid":{"rendered":"https:\/\/novanilla.lv\/product\/c33-aromatizetas-stearina-sveces-3-gab-dazadi-varianti\/"},"modified":"2025-11-09T17:01:21","modified_gmt":"2025-11-09T15:01:21","slug":"c33-scented-stearin-candles-3-pcs-various-options","status":"publish","type":"product","link":"https:\/\/novanilla.lv\/en\/product\/c33-scented-stearin-candles-3-pcs-various-options\/","title":{"rendered":"3 stear\u012bna sveces, kr\u0101su &#038; arom\u0101tu izv\u0113le (C33)"},"content":{"rendered":"<p style=\"text-align: justify;\" data-start=\"153\" data-end=\"367\">Enter a sense of comfort with the C33 candle set \u2014 three scented stearin candles that bring warmth, a pleasant atmosphere, and a natural aroma to your space. Each set creates a balance between quality and coziness.<\/p>\n<p style=\"text-align: justify;\" data-start=\"369\" data-end=\"717\">The set includes three candles, each sized 2 \u00d7 30 cm and weighing about 60 g. Made from 80% stearin, these candles burn with minimal soot and smoke, helping to maintain a clean and calm air environment in your home. The burn time is approximately 4\u20135 hours, making the set suitable for evening relaxation or as a gentle touch of warmth in the room.<\/p>\n<p style=\"text-align: justify;\" data-start=\"719\" data-end=\"997\">Each candle offers subtle scent notes that fill the space \u2014 from soft floral tones and warm woodiness to fresh citrus or rich gourmand aromas. The trio allows you to choose, combine, or place the candles in different areas, creating a harmonious atmosphere throughout your home.<\/p>\n<p style=\"text-align: justify;\" data-start=\"999\" data-end=\"1219\">The C33 set is also an elegant interior detail \u2014 whether placed on a dinner table, shelf, or as part of a decorative arrangement. It also makes a thoughtful gift for those who value natural fragrances and refined warmth.<\/p>\n<p style=\"text-align: justify;\" data-start=\"1221\" data-end=\"1328\">Attention: The candle scent may cause an allergic reaction in individuals sensitive to certain ingredients.<\/p>\n","protected":false},"excerpt":{"rendered":"<div class=\"woocommerce-product-details__short-description\">\n<p>A set of 3 scented stearin candles.<\/p>\n<\/div>\n","protected":false},"featured_media":35724,"template":"","meta":[],"product_brand":[],"product_cat":[711,718,717],"product_tag":[],"class_list":{"0":"post-34751","1":"product","2":"type-product","3":"status-publish","4":"has-post-thumbnail","6":"product_cat-candles","7":"product_cat-pillar-candles","8":"product_cat-stearin-candles","9":"product_shipping_class-size-s","10":"pa_dakts-cotton","11":"pa_degsana-approximately-4-5-h","12":"pa_izmers-2-x-30-cm-en","13":"pa_izvelies-sveces-aromatu-almond-flakes","14":"pa_izvelies-sveces-aromatu-almonds","15":"pa_izvelies-sveces-aromatu-amber","16":"pa_izvelies-sveces-aromatu-apple-punch","17":"pa_izvelies-sveces-aromatu-black-plum-and-rhubarb","18":"pa_izvelies-sveces-aromatu-blackberries-and-blueberries","19":"pa_izvelies-sveces-aromatu-blackcurrants","20":"pa_izvelies-sveces-aromatu-brazilian-coffee","21":"pa_izvelies-sveces-aromatu-bulgarian-rose","22":"pa_izvelies-sveces-aromatu-cedar","23":"pa_izvelies-sveces-aromatu-cherries","24":"pa_izvelies-sveces-aromatu-cherries-and-almonds","25":"pa_izvelies-sveces-aromatu-cherries-in-chocolate","26":"pa_izvelies-sveces-aromatu-cherry-blossom-and-plum","27":"pa_izvelies-sveces-aromatu-chocolate","28":"pa_izvelies-sveces-aromatu-cinnamon-and-apple","29":"pa_izvelies-sveces-aromatu-cinnamon-and-orange","30":"pa_izvelies-sveces-aromatu-cinnamon-bark","31":"pa_izvelies-sveces-aromatu-coconut","32":"pa_izvelies-sveces-aromatu-cranberry-orange-cinnamon","33":"pa_izvelies-sveces-aromatu-dark-chocolate","34":"pa_izvelies-sveces-aromatu-eucalyptus","35":"pa_izvelies-sveces-aromatu-geranium","36":"pa_izvelies-sveces-aromatu-gingerbread","37":"pa_izvelies-sveces-aromatu-gingerbread-punch","38":"pa_izvelies-sveces-aromatu-grapefruit","39":"pa_izvelies-sveces-aromatu-hazelnuts","40":"pa_izvelies-sveces-aromatu-honey-and-milk","41":"pa_izvelies-sveces-aromatu-hot-chocolate","42":"pa_izvelies-sveces-aromatu-isabella-grapes","43":"pa_izvelies-sveces-aromatu-jasmine","44":"pa_izvelies-sveces-aromatu-juniper","45":"pa_izvelies-sveces-aromatu-lavender","46":"pa_izvelies-sveces-aromatu-lemon","47":"pa_izvelies-sveces-aromatu-lemongrass","48":"pa_izvelies-sveces-aromatu-lemongrass-and-ginger","49":"pa_izvelies-sveces-aromatu-lily-of-the-valley","50":"pa_izvelies-sveces-aromatu-lime","51":"pa_izvelies-sveces-aromatu-linden-blossoms","52":"pa_izvelies-sveces-aromatu-macchiato-coffee","53":"pa_izvelies-sveces-aromatu-mojito","54":"pa_izvelies-sveces-aromatu-mulled-wine","55":"pa_izvelies-sveces-aromatu-orange","56":"pa_izvelies-sveces-aromatu-passionfruit-and-mango","57":"pa_izvelies-sveces-aromatu-patchouli","58":"pa_izvelies-sveces-aromatu-peach","59":"pa_izvelies-sveces-aromatu-pear-and-freesia","60":"pa_izvelies-sveces-aromatu-pecans-and-maple-syrup","61":"pa_izvelies-sveces-aromatu-peppermint","62":"pa_izvelies-sveces-aromatu-pina-colada-en","63":"pa_izvelies-sveces-aromatu-rocher-praline-en","64":"pa_izvelies-sveces-aromatu-sandalwood","65":"pa_izvelies-sveces-aromatu-silver-fir","66":"pa_izvelies-sveces-aromatu-spruce","67":"pa_izvelies-sveces-aromatu-strawberries-and-rhubarb","68":"pa_izvelies-sveces-aromatu-strawberry","69":"pa_izvelies-sveces-aromatu-sweet-coffee","70":"pa_izvelies-sveces-aromatu-sweet-orange-and-chili","71":"pa_izvelies-sveces-aromatu-warm-forest-and-cashmere","72":"pa_izvelies-sveces-aromatu-white-musk-and-lavender","73":"pa_izvelies-sveces-aromatu-wild-rose","74":"pa_izvelies-sveces-aromatu-wild-strawberry","75":"pa_izvelies-sveces-krasu-scent-matched-color","76":"pa_izvelies-sveces-krasu-uncolored","77":"pa_materials-stearin-100","78":"pa_svece-60-g-en","79":"pa_uzmanibai-the-candles-scent-may-cause-an-allergic-reaction","82":"first","83":"instock","84":"shipping-taxable","85":"purchasable","86":"product-type-variable"},"_links":{"self":[{"href":"https:\/\/novanilla.lv\/en\/wp-json\/wp\/v2\/product\/34751","targetHints":{"allow":["GET"]}}],"collection":[{"href":"https:\/\/novanilla.lv\/en\/wp-json\/wp\/v2\/product"}],"about":[{"href":"https:\/\/novanilla.lv\/en\/wp-json\/wp\/v2\/types\/product"}],"version-history":[{"count":5,"href":"https:\/\/novanilla.lv\/en\/wp-json\/wp\/v2\/product\/34751\/revisions"}],"predecessor-version":[{"id":36140,"href":"https:\/\/novanilla.lv\/en\/wp-json\/wp\/v2\/product\/34751\/revisions\/36140"}],"wp:featuredmedia":[{"embeddable":true,"href":"https:\/\/novanilla.lv\/en\/wp-json\/wp\/v2\/media\/35724"}],"wp:attachment":[{"href":"https:\/\/novanilla.lv\/en\/wp-json\/wp\/v2\/media?parent=34751"}],"wp:term":[{"taxonomy":"product_brand","embeddable":true,"href":"https:\/\/novanilla.lv\/en\/wp-json\/wp\/v2\/product_brand?post=34751"},{"taxonomy":"product_cat","embeddable":true,"href":"https:\/\/novanilla.lv\/en\/wp-json\/wp\/v2\/product_cat?post=34751"},{"taxonomy":"product_tag","embeddable":true,"href":"https:\/\/novanilla.lv\/en\/wp-json\/wp\/v2\/product_tag?post=34751"}],"curies":[{"name":"wp","href":"https:\/\/api.w.org\/{rel}","templated":true}]}}