{"id":34743,"date":"2025-07-28T00:04:13","date_gmt":"2025-07-27T21:04:13","guid":{"rendered":"https:\/\/novanilla.lv\/product\/c31-aromatizetas-stearina-sveces-3-gab-dazadi-varianti\/"},"modified":"2025-11-09T16:34:18","modified_gmt":"2025-11-09T14:34:18","slug":"c31-aromatizetas-stearina-sveces-3-gab-dazadi-varianti","status":"publish","type":"product","link":"https:\/\/novanilla.lv\/en\/product\/c31-aromatizetas-stearina-sveces-3-gab-dazadi-varianti\/","title":{"rendered":"3 stearin candles, color &#038; scent options (C31)"},"content":{"rendered":"<p style=\"text-align: justify;\">Novanilla C31 aromatiz\u0113to stear\u012bna sve\u010du komplekts ir rad\u012bts, lai j\u016bsu m\u0101j\u0101s ienestu mieru, siltumu un dabisku harmoniju. \u0160\u012bs sveces apvieno klasisku formu, kvalitat\u012bvu sast\u0101vu un maigu arom\u0101tu, kas rada m\u0101j\u012bgu noska\u0146u ikvien\u0101 telp\u0101.<\/p>\n<p style=\"text-align: justify;\">C31 komplekt\u0101 ietilpst tr\u012bs sveces, katra 2 \u00d7 24 cm izm\u0113r\u0101 un 65 g svar\u0101. T\u0101s ir izgatavotas no 80 % stear\u012bna, kas nodro\u0161ina t\u012bru un stabilu deg\u0161anu ar spo\u017eu liesmu un minim\u0101liem izgarojumiem. Katra svece deg aptuveni 4\u20135 stundas, pie\u0161\u0137irot telpai dabisku gaismu un smalku arom\u0101tu.<\/p>\n<p style=\"text-align: justify;\">Stear\u012bna sveces tiek augstu nov\u0113rt\u0113tas par savu iztur\u012bbu un est\u0113tisko kvalit\u0101ti \u2014 t\u0101s saglab\u0101 formu, deg l\u0113ni un sniedz dzidru, nemirgojo\u0161u liesmu. Kokvilnas dakts nodro\u0161ina vienm\u0113r\u012bgu deg\u0161anu, radot mier\u012bgu atmosf\u0113ru bez d\u016bmiem un kv\u0113piem.<\/p>\n<p style=\"text-align: justify;\">Novanilla C31 ir lieliska izv\u0113le vakari\u0146u galdam, sv\u0113tku rot\u0101jumam vai romantiskiem vakariem, kad v\u0113laties rad\u012bt maigu gaismu un dabisku arom\u0101tu. T\u0101 ir ar\u012b p\u0101rdom\u0101ta d\u0101vana, kas pau\u017e r\u016bp\u012bbu un gaumi, vienlaikus saglab\u0101jot vienk\u0101r\u0161\u012bbu un dabiskumu.<\/p>\n<p style=\"text-align: justify;\">C31 sveces lieliski sader ar citiem Novanilla produktiem \u2014 t\u0101s var kombin\u0113t ar da\u017e\u0101da augstuma un kr\u0101su svec\u0113m, lai rad\u012btu l\u012bdzsvarotu un elegantu gaismas kompoz\u012bciju j\u016bsu interjer\u0101.<\/p>\n<p style=\"text-align: justify;\">Uzman\u012bbu: sveces arom\u0101ts var izrais\u012bt aler\u0123isku reakciju cilv\u0113kiem ar paaugstin\u0101tu jut\u012bbu pret noteikt\u0101m sast\u0101vda\u013c\u0101m.<\/p>\n","protected":false},"excerpt":{"rendered":"<div class=\"woocommerce-product-details__short-description\">\n<p>Set of 3 scented stearin candles.<\/p>\n<\/div>\n","protected":false},"featured_media":35718,"template":"","meta":[],"product_brand":[],"product_cat":[711,718,717],"product_tag":[],"class_list":{"0":"post-34743","1":"product","2":"type-product","3":"status-publish","4":"has-post-thumbnail","6":"product_cat-candles","7":"product_cat-pillar-candles","8":"product_cat-stearin-candles","9":"product_shipping_class-size-s","10":"pa_dakts-cotton","11":"pa_degsana-approximately-4-5-h","12":"pa_izmers-2-x-24-cm-en","13":"pa_izvelies-sveces-aromatu-almond-flakes","14":"pa_izvelies-sveces-aromatu-almonds","15":"pa_izvelies-sveces-aromatu-amber","16":"pa_izvelies-sveces-aromatu-apple-punch","17":"pa_izvelies-sveces-aromatu-black-plum-and-rhubarb","18":"pa_izvelies-sveces-aromatu-blackberries-and-blueberries","19":"pa_izvelies-sveces-aromatu-blackcurrants","20":"pa_izvelies-sveces-aromatu-brazilian-coffee","21":"pa_izvelies-sveces-aromatu-bulgarian-rose","22":"pa_izvelies-sveces-aromatu-cedar","23":"pa_izvelies-sveces-aromatu-cherries","24":"pa_izvelies-sveces-aromatu-cherries-and-almonds","25":"pa_izvelies-sveces-aromatu-cherries-in-chocolate","26":"pa_izvelies-sveces-aromatu-cherry-blossom-and-plum","27":"pa_izvelies-sveces-aromatu-chocolate","28":"pa_izvelies-sveces-aromatu-cinnamon-and-apple","29":"pa_izvelies-sveces-aromatu-cinnamon-and-orange","30":"pa_izvelies-sveces-aromatu-cinnamon-bark","31":"pa_izvelies-sveces-aromatu-coconut","32":"pa_izvelies-sveces-aromatu-cranberry-orange-cinnamon","33":"pa_izvelies-sveces-aromatu-dark-chocolate","34":"pa_izvelies-sveces-aromatu-eucalyptus","35":"pa_izvelies-sveces-aromatu-geranium","36":"pa_izvelies-sveces-aromatu-gingerbread","37":"pa_izvelies-sveces-aromatu-gingerbread-punch","38":"pa_izvelies-sveces-aromatu-grapefruit","39":"pa_izvelies-sveces-aromatu-hazelnuts","40":"pa_izvelies-sveces-aromatu-honey-and-milk","41":"pa_izvelies-sveces-aromatu-hot-chocolate","42":"pa_izvelies-sveces-aromatu-isabella-grapes","43":"pa_izvelies-sveces-aromatu-jasmine","44":"pa_izvelies-sveces-aromatu-juniper","45":"pa_izvelies-sveces-aromatu-lavender","46":"pa_izvelies-sveces-aromatu-lemon","47":"pa_izvelies-sveces-aromatu-lemongrass","48":"pa_izvelies-sveces-aromatu-lemongrass-and-ginger","49":"pa_izvelies-sveces-aromatu-lily-of-the-valley","50":"pa_izvelies-sveces-aromatu-lime","51":"pa_izvelies-sveces-aromatu-linden-blossoms","52":"pa_izvelies-sveces-aromatu-macchiato-coffee","53":"pa_izvelies-sveces-aromatu-mojito","54":"pa_izvelies-sveces-aromatu-mulled-wine","55":"pa_izvelies-sveces-aromatu-orange","56":"pa_izvelies-sveces-aromatu-passionfruit-and-mango","57":"pa_izvelies-sveces-aromatu-patchouli","58":"pa_izvelies-sveces-aromatu-peach","59":"pa_izvelies-sveces-aromatu-pear-and-freesia","60":"pa_izvelies-sveces-aromatu-pecans-and-maple-syrup","61":"pa_izvelies-sveces-aromatu-peppermint","62":"pa_izvelies-sveces-aromatu-pina-colada-en","63":"pa_izvelies-sveces-aromatu-rocher-praline-en","64":"pa_izvelies-sveces-aromatu-sandalwood","65":"pa_izvelies-sveces-aromatu-silver-fir","66":"pa_izvelies-sveces-aromatu-spruce","67":"pa_izvelies-sveces-aromatu-strawberries-and-rhubarb","68":"pa_izvelies-sveces-aromatu-strawberry","69":"pa_izvelies-sveces-aromatu-sweet-coffee","70":"pa_izvelies-sveces-aromatu-sweet-orange-and-chili","71":"pa_izvelies-sveces-aromatu-warm-forest-and-cashmere","72":"pa_izvelies-sveces-aromatu-white-musk-and-lavender","73":"pa_izvelies-sveces-aromatu-wild-rose","74":"pa_izvelies-sveces-aromatu-wild-strawberry","75":"pa_izvelies-sveces-krasu-scent-matched-color","76":"pa_izvelies-sveces-krasu-uncolored","77":"pa_materials-stearin-100","78":"pa_svece-65-g-en","79":"pa_uzmanibai-the-candles-scent-may-cause-an-allergic-reaction","82":"first","83":"instock","84":"shipping-taxable","85":"purchasable","86":"product-type-variable"},"_links":{"self":[{"href":"https:\/\/novanilla.lv\/en\/wp-json\/wp\/v2\/product\/34743","targetHints":{"allow":["GET"]}}],"collection":[{"href":"https:\/\/novanilla.lv\/en\/wp-json\/wp\/v2\/product"}],"about":[{"href":"https:\/\/novanilla.lv\/en\/wp-json\/wp\/v2\/types\/product"}],"version-history":[{"count":3,"href":"https:\/\/novanilla.lv\/en\/wp-json\/wp\/v2\/product\/34743\/revisions"}],"predecessor-version":[{"id":36135,"href":"https:\/\/novanilla.lv\/en\/wp-json\/wp\/v2\/product\/34743\/revisions\/36135"}],"wp:featuredmedia":[{"embeddable":true,"href":"https:\/\/novanilla.lv\/en\/wp-json\/wp\/v2\/media\/35718"}],"wp:attachment":[{"href":"https:\/\/novanilla.lv\/en\/wp-json\/wp\/v2\/media?parent=34743"}],"wp:term":[{"taxonomy":"product_brand","embeddable":true,"href":"https:\/\/novanilla.lv\/en\/wp-json\/wp\/v2\/product_brand?post=34743"},{"taxonomy":"product_cat","embeddable":true,"href":"https:\/\/novanilla.lv\/en\/wp-json\/wp\/v2\/product_cat?post=34743"},{"taxonomy":"product_tag","embeddable":true,"href":"https:\/\/novanilla.lv\/en\/wp-json\/wp\/v2\/product_tag?post=34743"}],"curies":[{"name":"wp","href":"https:\/\/api.w.org\/{rel}","templated":true}]}}